{"id":102,"date":"2026-02-02T12:00:00","date_gmt":"2026-02-02T11:00:00","guid":{"rendered":"http:\/\/example.com\/?page_id=102"},"modified":"2026-02-02T12:00:00","modified_gmt":"2026-02-02T11:00:00","slug":"dolacz-2","status":"publish","type":"page","link":"https:\/\/dasr.pl\/index.php\/dolacz-2\/","title":{"rendered":"Do\u0142\u0105cz"},"content":{"rendered":"<section class=\"dasr-section\">\n<h2>Do\u0142\u0105cz do DASR<\/h2>\n<p>Szukamy operator\u00f3w i os\u00f3b wspieraj\u0105cych (technicznie, organizacyjnie, szkoleniowo). W DASR liczy si\u0119 gotowo\u015b\u0107, procedury i umiej\u0119tno\u015b\u0107 pracy zespo\u0142owej.<\/p>\n<div class=\"dasr-grid cols-3\">\n<div class=\"dasr-card\">\n<h3>Operator radiowy<\/h3>\n<p>\u0141\u0105czno\u015bci g\u0142osowe\/cyfrowe, logowanie ruchu, procedury EMCOM, praca w sieci.<\/p>\n<\/div>\n<div class=\"dasr-card\">\n<h3>Stacja terenowa \/ mobilna<\/h3>\n<p>Maszt, anteny, zasilanie awaryjne. Gotowo\u015b\u0107 do wyjazdu i pracy w trudnych warunkach.<\/p>\n<\/div>\n<div class=\"dasr-card\">\n<h3>Wsparcie techniczne<\/h3>\n<p>DMR\/Winlink\/APRS\/mesh, konfiguracje, mapowanie zasi\u0119g\u00f3w, dokumentacja i szkolenia.<\/p>\n<\/div><\/div>\n<div class=\"dasr-callout\" style=\"margin-top:14px;\">\n    <strong>Jak do\u0142\u0105czy\u0107?<\/strong><\/p>\n<p>Napisz na <strong>dasr(at)dasr.pl<\/strong> i podaj: znak (je\u015bli masz), QTH, wyposa\u017cenie, mo\u017cliwo\u015bci zasilania awaryjnego oraz dyspozycyjno\u015b\u0107.<\/p>\n<\/p><\/div>\n<\/section>\n","protected":false},"excerpt":{"rendered":"<p>Do\u0142\u0105cz do DASR Szukamy operator\u00f3w i os\u00f3b wspieraj\u0105cych (technicznie, organizacyjnie, szkoleniowo). W DASR liczy si\u0119 gotowo\u015b\u0107, procedury i umiej\u0119tno\u015b\u0107 pracy zespo\u0142owej. Operator radiowy \u0141\u0105czno\u015bci g\u0142osowe\/cyfrowe, logowanie ruchu, procedury EMCOM, praca w sieci. Stacja terenowa \/ mobilna Maszt, anteny, zasilanie awaryjne. Gotowo\u015b\u0107 do wyjazdu i pracy w trudnych warunkach. Wsparcie techniczne DMR\/Winlink\/APRS\/mesh, konfiguracje, mapowanie zasi\u0119g\u00f3w, dokumentacja [&hellip;]<\/p>\n","protected":false},"author":1,"featured_media":0,"parent":0,"menu_order":2,"comment_status":"closed","ping_status":"closed","template":"","meta":{"footnotes":""},"class_list":["post-102","page","type-page","status-publish","hentry"],"yoast_head":"<!-- This site is optimized with the Yoast SEO plugin v27.4 - https:\/\/yoast.com\/product\/yoast-seo-wordpress\/ -->\n<title>Do\u0142\u0105cz - Dolno\u015bl\u0105ska Awaryjna Sie\u0107 Radiowa<\/title>\n<meta name=\"robots\" content=\"index, follow, max-snippet:-1, max-image-preview:large, max-video-preview:-1\" \/>\n<link rel=\"canonical\" href=\"https:\/\/dasr.pl\/index.php\/dolacz-2\/\" \/>\n<meta property=\"og:locale\" content=\"pl_PL\" \/>\n<meta property=\"og:type\" content=\"article\" \/>\n<meta property=\"og:title\" content=\"Do\u0142\u0105cz - Dolno\u015bl\u0105ska Awaryjna Sie\u0107 Radiowa\" \/>\n<meta property=\"og:description\" content=\"Do\u0142\u0105cz do DASR Szukamy operator\u00f3w i os\u00f3b wspieraj\u0105cych (technicznie, organizacyjnie, szkoleniowo). W DASR liczy si\u0119 gotowo\u015b\u0107, procedury i umiej\u0119tno\u015b\u0107 pracy zespo\u0142owej. Operator radiowy \u0141\u0105czno\u015bci g\u0142osowe\/cyfrowe, logowanie ruchu, procedury EMCOM, praca w sieci. Stacja terenowa \/ mobilna Maszt, anteny, zasilanie awaryjne. Gotowo\u015b\u0107 do wyjazdu i pracy w trudnych warunkach. Wsparcie techniczne DMR\/Winlink\/APRS\/mesh, konfiguracje, mapowanie zasi\u0119g\u00f3w, dokumentacja [&hellip;]\" \/>\n<meta property=\"og:url\" content=\"https:\/\/dasr.pl\/index.php\/dolacz-2\/\" \/>\n<meta property=\"og:site_name\" content=\"Dolno\u015bl\u0105ska Awaryjna Sie\u0107 Radiowa\" \/>\n<meta name=\"twitter:card\" content=\"summary_large_image\" \/>\n<script type=\"application\/ld+json\" class=\"yoast-schema-graph\">{\"@context\":\"https:\\\/\\\/schema.org\",\"@graph\":[{\"@type\":\"WebPage\",\"@id\":\"https:\\\/\\\/dasr.pl\\\/index.php\\\/dolacz-2\\\/\",\"url\":\"https:\\\/\\\/dasr.pl\\\/index.php\\\/dolacz-2\\\/\",\"name\":\"Do\u0142\u0105cz - Dolno\u015bl\u0105ska Awaryjna Sie\u0107 Radiowa\",\"isPartOf\":{\"@id\":\"https:\\\/\\\/dasr.pl\\\/#website\"},\"datePublished\":\"2026-02-02T11:00:00+00:00\",\"breadcrumb\":{\"@id\":\"https:\\\/\\\/dasr.pl\\\/index.php\\\/dolacz-2\\\/#breadcrumb\"},\"inLanguage\":\"pl-PL\",\"potentialAction\":[{\"@type\":\"ReadAction\",\"target\":[\"https:\\\/\\\/dasr.pl\\\/index.php\\\/dolacz-2\\\/\"]}]},{\"@type\":\"BreadcrumbList\",\"@id\":\"https:\\\/\\\/dasr.pl\\\/index.php\\\/dolacz-2\\\/#breadcrumb\",\"itemListElement\":[{\"@type\":\"ListItem\",\"position\":1,\"name\":\"Home\",\"item\":\"https:\\\/\\\/dasr.pl\\\/\"},{\"@type\":\"ListItem\",\"position\":2,\"name\":\"Do\u0142\u0105cz\"}]},{\"@type\":\"WebSite\",\"@id\":\"https:\\\/\\\/dasr.pl\\\/#website\",\"url\":\"https:\\\/\\\/dasr.pl\\\/\",\"name\":\"Dolno\u015bl\u0105ska Awaryjna Sie\u0107 Radiowa\",\"description\":\"\",\"potentialAction\":[{\"@type\":\"SearchAction\",\"target\":{\"@type\":\"EntryPoint\",\"urlTemplate\":\"https:\\\/\\\/dasr.pl\\\/?s={search_term_string}\"},\"query-input\":{\"@type\":\"PropertyValueSpecification\",\"valueRequired\":true,\"valueName\":\"search_term_string\"}}],\"inLanguage\":\"pl-PL\"}]}<\/script>\n<!-- \/ Yoast SEO plugin. -->","yoast_head_json":{"title":"Do\u0142\u0105cz - Dolno\u015bl\u0105ska Awaryjna Sie\u0107 Radiowa","robots":{"index":"index","follow":"follow","max-snippet":"max-snippet:-1","max-image-preview":"max-image-preview:large","max-video-preview":"max-video-preview:-1"},"canonical":"https:\/\/dasr.pl\/index.php\/dolacz-2\/","og_locale":"pl_PL","og_type":"article","og_title":"Do\u0142\u0105cz - Dolno\u015bl\u0105ska Awaryjna Sie\u0107 Radiowa","og_description":"Do\u0142\u0105cz do DASR Szukamy operator\u00f3w i os\u00f3b wspieraj\u0105cych (technicznie, organizacyjnie, szkoleniowo). W DASR liczy si\u0119 gotowo\u015b\u0107, procedury i umiej\u0119tno\u015b\u0107 pracy zespo\u0142owej. Operator radiowy \u0141\u0105czno\u015bci g\u0142osowe\/cyfrowe, logowanie ruchu, procedury EMCOM, praca w sieci. Stacja terenowa \/ mobilna Maszt, anteny, zasilanie awaryjne. Gotowo\u015b\u0107 do wyjazdu i pracy w trudnych warunkach. Wsparcie techniczne DMR\/Winlink\/APRS\/mesh, konfiguracje, mapowanie zasi\u0119g\u00f3w, dokumentacja [&hellip;]","og_url":"https:\/\/dasr.pl\/index.php\/dolacz-2\/","og_site_name":"Dolno\u015bl\u0105ska Awaryjna Sie\u0107 Radiowa","twitter_card":"summary_large_image","schema":{"@context":"https:\/\/schema.org","@graph":[{"@type":"WebPage","@id":"https:\/\/dasr.pl\/index.php\/dolacz-2\/","url":"https:\/\/dasr.pl\/index.php\/dolacz-2\/","name":"Do\u0142\u0105cz - Dolno\u015bl\u0105ska Awaryjna Sie\u0107 Radiowa","isPartOf":{"@id":"https:\/\/dasr.pl\/#website"},"datePublished":"2026-02-02T11:00:00+00:00","breadcrumb":{"@id":"https:\/\/dasr.pl\/index.php\/dolacz-2\/#breadcrumb"},"inLanguage":"pl-PL","potentialAction":[{"@type":"ReadAction","target":["https:\/\/dasr.pl\/index.php\/dolacz-2\/"]}]},{"@type":"BreadcrumbList","@id":"https:\/\/dasr.pl\/index.php\/dolacz-2\/#breadcrumb","itemListElement":[{"@type":"ListItem","position":1,"name":"Home","item":"https:\/\/dasr.pl\/"},{"@type":"ListItem","position":2,"name":"Do\u0142\u0105cz"}]},{"@type":"WebSite","@id":"https:\/\/dasr.pl\/#website","url":"https:\/\/dasr.pl\/","name":"Dolno\u015bl\u0105ska Awaryjna Sie\u0107 Radiowa","description":"","potentialAction":[{"@type":"SearchAction","target":{"@type":"EntryPoint","urlTemplate":"https:\/\/dasr.pl\/?s={search_term_string}"},"query-input":{"@type":"PropertyValueSpecification","valueRequired":true,"valueName":"search_term_string"}}],"inLanguage":"pl-PL"}]}},"_links":{"self":[{"href":"https:\/\/dasr.pl\/index.php\/wp-json\/wp\/v2\/pages\/102","targetHints":{"allow":["GET"]}}],"collection":[{"href":"https:\/\/dasr.pl\/index.php\/wp-json\/wp\/v2\/pages"}],"about":[{"href":"https:\/\/dasr.pl\/index.php\/wp-json\/wp\/v2\/types\/page"}],"author":[{"embeddable":true,"href":"https:\/\/dasr.pl\/index.php\/wp-json\/wp\/v2\/users\/1"}],"replies":[{"embeddable":true,"href":"https:\/\/dasr.pl\/index.php\/wp-json\/wp\/v2\/comments?post=102"}],"version-history":[{"count":0,"href":"https:\/\/dasr.pl\/index.php\/wp-json\/wp\/v2\/pages\/102\/revisions"}],"wp:attachment":[{"href":"https:\/\/dasr.pl\/index.php\/wp-json\/wp\/v2\/media?parent=102"}],"curies":[{"name":"wp","href":"https:\/\/api.w.org\/{rel}","templated":true}]}}