{"id":2,"date":"2026-02-02T19:34:47","date_gmt":"2026-02-02T18:34:47","guid":{"rendered":"http:\/\/serwer1917656.home.pl\/autoinstalator\/wordpressplugins1\/?page_id=2"},"modified":"2026-02-02T19:34:47","modified_gmt":"2026-02-02T18:34:47","slug":"przykladowa-strona","status":"publish","type":"page","link":"https:\/\/dasr.pl\/index.php\/przykladowa-strona\/","title":{"rendered":"Przyk\u0142adowa strona"},"content":{"rendered":"<p>Przyk&#322;adowa strona. Strony s&#261; inne ni&#380; wpisy na blogu, poniewa&#380; nie tylko znajduj&#261; si&#281; zawsze w jednym miejscu, ale tak&#380;e pojawiaj&#261; si&#281; w menu witryny (w wi&#281;kszo&#347;ci motyw&oacute;w). Wi&#281;kszo&#347;&#263; u&#380;ytkownik&oacute;w zaczyna od strony z informacjami o sobie, kt&oacute;ra zapozna ich przed odwiedzaj&#261;cymi witryn&#281;. Taka strona mo&#380;e zawiera&#263; na przyk&#322;ad tak&#261; tre&#347;&#263;:<\/p><blockquote class=\"wp-block-quote is-layout-flow wp-block-quote-is-layout-flow\"><p>Cze&#347;&#263;! Za dnia jestem kurierem rowerowym, noc&#261; pr&oacute;buj&#281; swoich si&#322; w aktorstwie, a to jest moja witryna. Mieszkam w Krakowie, mam wspania&#322;ego psa kt&oacute;ry wabi si&#281; Reks i lubi&#281; pi&ntilde;a colad&#281; (oraz spacery, gdy pada deszcz).<\/p><\/blockquote><p>&hellip;albo co&#347; takiego:<\/p><blockquote class=\"wp-block-quote is-layout-flow wp-block-quote-is-layout-flow\"><p>Firma XYZ Doohickey zosta&#322;a za&#322;o&#380;ona w 1971 roku i od tamtej pory dostarcza spo&#322;ecze&#324;stwu dobrej jako&#347;ci gad&#380;ety. Znajduj&#261;ca si&#281; w Gotham City XYZ zatrudnia ponad 2000 os&oacute;b i robi niesamowite rzeczy dla spo&#322;eczno&#347;ci Gotham.<\/p><\/blockquote><p>Jako nowy u&#380;ytkownik WordPressa, powiniene&#347; przej&#347;&#263; do <a href=\"http:\/\/serwer1917656.home.pl\/autoinstalator\/wordpressplugins1\/wp-admin\/\">swojego kokpitu<\/a> aby usun&#261;&#263; t&#281; stron&#281; i stworzy&#263; nowe z w&#322;asn&#261; tre&#347;ci&#261;. Dobrej zabawy!<\/p>\n","protected":false},"excerpt":{"rendered":"<p>Przyk&#322;adowa strona. Strony s&#261; inne ni&#380; wpisy na blogu, poniewa&#380; nie tylko znajduj&#261; si&#281; zawsze w jednym miejscu, ale tak&#380;e pojawiaj&#261; si&#281; w menu witryny (w wi&#281;kszo&#347;ci motyw&oacute;w). Wi&#281;kszo&#347;&#263; u&#380;ytkownik&oacute;w zaczyna od strony z informacjami o sobie, kt&oacute;ra zapozna ich przed odwiedzaj&#261;cymi witryn&#281;. Taka strona mo&#380;e zawiera&#263; na przyk&#322;ad tak&#261; tre&#347;&#263;: Cze&#347;&#263;! Za dnia jestem [&hellip;]<\/p>\n","protected":false},"author":1,"featured_media":0,"parent":0,"menu_order":0,"comment_status":"closed","ping_status":"open","template":"","meta":{"footnotes":""},"class_list":["post-2","page","type-page","status-publish","hentry"],"yoast_head":"<!-- This site is optimized with the Yoast SEO plugin v27.4 - https:\/\/yoast.com\/product\/yoast-seo-wordpress\/ -->\n<title>Przyk\u0142adowa strona - Dolno\u015bl\u0105ska Awaryjna Sie\u0107 Radiowa<\/title>\n<meta name=\"robots\" content=\"index, follow, max-snippet:-1, max-image-preview:large, max-video-preview:-1\" \/>\n<link rel=\"canonical\" href=\"https:\/\/dasr.pl\/index.php\/przykladowa-strona\/\" \/>\n<meta property=\"og:locale\" content=\"pl_PL\" \/>\n<meta property=\"og:type\" content=\"article\" \/>\n<meta property=\"og:title\" content=\"Przyk\u0142adowa strona - Dolno\u015bl\u0105ska Awaryjna Sie\u0107 Radiowa\" \/>\n<meta property=\"og:description\" content=\"Przyk&#322;adowa strona. Strony s&#261; inne ni&#380; wpisy na blogu, poniewa&#380; nie tylko znajduj&#261; si&#281; zawsze w jednym miejscu, ale tak&#380;e pojawiaj&#261; si&#281; w menu witryny (w wi&#281;kszo&#347;ci motyw&oacute;w). Wi&#281;kszo&#347;&#263; u&#380;ytkownik&oacute;w zaczyna od strony z informacjami o sobie, kt&oacute;ra zapozna ich przed odwiedzaj&#261;cymi witryn&#281;. Taka strona mo&#380;e zawiera&#263; na przyk&#322;ad tak&#261; tre&#347;&#263;: Cze&#347;&#263;! Za dnia jestem [&hellip;]\" \/>\n<meta property=\"og:url\" content=\"https:\/\/dasr.pl\/index.php\/przykladowa-strona\/\" \/>\n<meta property=\"og:site_name\" content=\"Dolno\u015bl\u0105ska Awaryjna Sie\u0107 Radiowa\" \/>\n<meta name=\"twitter:card\" content=\"summary_large_image\" \/>\n<meta name=\"twitter:label1\" content=\"Szacowany czas czytania\" \/>\n\t<meta name=\"twitter:data1\" content=\"1 minuta\" \/>\n<script type=\"application\/ld+json\" class=\"yoast-schema-graph\">{\"@context\":\"https:\\\/\\\/schema.org\",\"@graph\":[{\"@type\":\"WebPage\",\"@id\":\"https:\\\/\\\/dasr.pl\\\/index.php\\\/przykladowa-strona\\\/\",\"url\":\"https:\\\/\\\/dasr.pl\\\/index.php\\\/przykladowa-strona\\\/\",\"name\":\"Przyk\u0142adowa strona - Dolno\u015bl\u0105ska Awaryjna Sie\u0107 Radiowa\",\"isPartOf\":{\"@id\":\"https:\\\/\\\/dasr.pl\\\/#website\"},\"datePublished\":\"2026-02-02T18:34:47+00:00\",\"breadcrumb\":{\"@id\":\"https:\\\/\\\/dasr.pl\\\/index.php\\\/przykladowa-strona\\\/#breadcrumb\"},\"inLanguage\":\"pl-PL\",\"potentialAction\":[{\"@type\":\"ReadAction\",\"target\":[\"https:\\\/\\\/dasr.pl\\\/index.php\\\/przykladowa-strona\\\/\"]}]},{\"@type\":\"BreadcrumbList\",\"@id\":\"https:\\\/\\\/dasr.pl\\\/index.php\\\/przykladowa-strona\\\/#breadcrumb\",\"itemListElement\":[{\"@type\":\"ListItem\",\"position\":1,\"name\":\"Home\",\"item\":\"https:\\\/\\\/dasr.pl\\\/\"},{\"@type\":\"ListItem\",\"position\":2,\"name\":\"Przyk\u0142adowa strona\"}]},{\"@type\":\"WebSite\",\"@id\":\"https:\\\/\\\/dasr.pl\\\/#website\",\"url\":\"https:\\\/\\\/dasr.pl\\\/\",\"name\":\"Dolno\u015bl\u0105ska Awaryjna Sie\u0107 Radiowa\",\"description\":\"\",\"potentialAction\":[{\"@type\":\"SearchAction\",\"target\":{\"@type\":\"EntryPoint\",\"urlTemplate\":\"https:\\\/\\\/dasr.pl\\\/?s={search_term_string}\"},\"query-input\":{\"@type\":\"PropertyValueSpecification\",\"valueRequired\":true,\"valueName\":\"search_term_string\"}}],\"inLanguage\":\"pl-PL\"}]}<\/script>\n<!-- \/ Yoast SEO plugin. -->","yoast_head_json":{"title":"Przyk\u0142adowa strona - Dolno\u015bl\u0105ska Awaryjna Sie\u0107 Radiowa","robots":{"index":"index","follow":"follow","max-snippet":"max-snippet:-1","max-image-preview":"max-image-preview:large","max-video-preview":"max-video-preview:-1"},"canonical":"https:\/\/dasr.pl\/index.php\/przykladowa-strona\/","og_locale":"pl_PL","og_type":"article","og_title":"Przyk\u0142adowa strona - Dolno\u015bl\u0105ska Awaryjna Sie\u0107 Radiowa","og_description":"Przyk&#322;adowa strona. Strony s&#261; inne ni&#380; wpisy na blogu, poniewa&#380; nie tylko znajduj&#261; si&#281; zawsze w jednym miejscu, ale tak&#380;e pojawiaj&#261; si&#281; w menu witryny (w wi&#281;kszo&#347;ci motyw&oacute;w). Wi&#281;kszo&#347;&#263; u&#380;ytkownik&oacute;w zaczyna od strony z informacjami o sobie, kt&oacute;ra zapozna ich przed odwiedzaj&#261;cymi witryn&#281;. Taka strona mo&#380;e zawiera&#263; na przyk&#322;ad tak&#261; tre&#347;&#263;: Cze&#347;&#263;! Za dnia jestem [&hellip;]","og_url":"https:\/\/dasr.pl\/index.php\/przykladowa-strona\/","og_site_name":"Dolno\u015bl\u0105ska Awaryjna Sie\u0107 Radiowa","twitter_card":"summary_large_image","twitter_misc":{"Szacowany czas czytania":"1 minuta"},"schema":{"@context":"https:\/\/schema.org","@graph":[{"@type":"WebPage","@id":"https:\/\/dasr.pl\/index.php\/przykladowa-strona\/","url":"https:\/\/dasr.pl\/index.php\/przykladowa-strona\/","name":"Przyk\u0142adowa strona - Dolno\u015bl\u0105ska Awaryjna Sie\u0107 Radiowa","isPartOf":{"@id":"https:\/\/dasr.pl\/#website"},"datePublished":"2026-02-02T18:34:47+00:00","breadcrumb":{"@id":"https:\/\/dasr.pl\/index.php\/przykladowa-strona\/#breadcrumb"},"inLanguage":"pl-PL","potentialAction":[{"@type":"ReadAction","target":["https:\/\/dasr.pl\/index.php\/przykladowa-strona\/"]}]},{"@type":"BreadcrumbList","@id":"https:\/\/dasr.pl\/index.php\/przykladowa-strona\/#breadcrumb","itemListElement":[{"@type":"ListItem","position":1,"name":"Home","item":"https:\/\/dasr.pl\/"},{"@type":"ListItem","position":2,"name":"Przyk\u0142adowa strona"}]},{"@type":"WebSite","@id":"https:\/\/dasr.pl\/#website","url":"https:\/\/dasr.pl\/","name":"Dolno\u015bl\u0105ska Awaryjna Sie\u0107 Radiowa","description":"","potentialAction":[{"@type":"SearchAction","target":{"@type":"EntryPoint","urlTemplate":"https:\/\/dasr.pl\/?s={search_term_string}"},"query-input":{"@type":"PropertyValueSpecification","valueRequired":true,"valueName":"search_term_string"}}],"inLanguage":"pl-PL"}]}},"_links":{"self":[{"href":"https:\/\/dasr.pl\/index.php\/wp-json\/wp\/v2\/pages\/2","targetHints":{"allow":["GET"]}}],"collection":[{"href":"https:\/\/dasr.pl\/index.php\/wp-json\/wp\/v2\/pages"}],"about":[{"href":"https:\/\/dasr.pl\/index.php\/wp-json\/wp\/v2\/types\/page"}],"author":[{"embeddable":true,"href":"https:\/\/dasr.pl\/index.php\/wp-json\/wp\/v2\/users\/1"}],"replies":[{"embeddable":true,"href":"https:\/\/dasr.pl\/index.php\/wp-json\/wp\/v2\/comments?post=2"}],"version-history":[{"count":0,"href":"https:\/\/dasr.pl\/index.php\/wp-json\/wp\/v2\/pages\/2\/revisions"}],"wp:attachment":[{"href":"https:\/\/dasr.pl\/index.php\/wp-json\/wp\/v2\/media?parent=2"}],"curies":[{"name":"wp","href":"https:\/\/api.w.org\/{rel}","templated":true}]}}