{"id":203,"date":"2026-02-02T19:00:00","date_gmt":"2026-02-02T18:00:00","guid":{"rendered":"http:\/\/dasr-import-page-203"},"modified":"2026-02-02T19:00:00","modified_gmt":"2026-02-02T18:00:00","slug":"dolacz","status":"publish","type":"page","link":"https:\/\/dasr.pl\/index.php\/dolacz\/","title":{"rendered":"Do\u0142\u0105cz"},"content":{"rendered":"<div class=\"dasr-content\">\n<h1>Do&#322;&#261;cz jako wolontariusz<\/h1>\n<h2>Kogo szukamy<\/h2>\n<ul>\n<li>kr&oacute;tkofalowc&oacute;w (stacja stacjonarna, mobilna lub przeno&#347;na)<\/li>\n<li>os&oacute;b, kt&oacute;re chc&#261; &#263;wiczy&#263; procedury &#322;&#261;czno&#347;ci i meldunk&oacute;w<\/li>\n<li>wsparcia logistycznego (zasilanie, teren, organizacja)<\/li>\n<\/ul>\n<h2>Start w 3 krokach<\/h2>\n<ol>\n<li>Wype&#322;nij formularz gotowo&#347;ci (sprz&#281;t, lokalizacja, zasilanie).<\/li>\n<li>Otrzymasz kontakt do koordynatora i zasady &#263;wicze&#324;.<\/li>\n<li>Do&#322;&#261;cz do cotygodniowych &#263;wicze&#324; i rozwijaj kompetencje.<\/li>\n<\/ol>\n<h2>Minimalna checklista (na pocz&#261;tek)<\/h2>\n<ul>\n<li>radio + podstawowa antena (stacja domowa lub przeno&#347;na)<\/li>\n<li>mo&#380;liwo&#347;&#263; pracy minimum 30&ndash;60 min<\/li>\n<li>ch&#281;&#263; regularnych &#263;wicze&#324;<\/li>\n<\/ul>\n<hr>\n<h2>Formularz zg&#322;oszeniowy<\/h2>\n<p><em>Wstaw tutaj formularz z wtyczki (np. WPForms \/ Contact Form 7 \/ Fluent Forms).<\/em><\/p>\n<p><strong>Pola formularza (propozycja):<\/strong><\/p>\n<ul>\n<li>Imi&#281; i nazwisko<\/li>\n<li>Znak\/znaki<\/li>\n<li>Lokalizacja (QTH \/ miejscowo&#347;&#263; \/ powiat)<\/li>\n<li>Sprz&#281;t: stacjonarna \/ mobilna \/ przeno&#347;na<\/li>\n<li>Anteny (opis)<\/li>\n<li>Zasilanie awaryjne: tak\/nie + typ<\/li>\n<li>Dost&#281;pno&#347;&#263; (dni\/godziny)<\/li>\n<li>Dodatkowe umiej&#281;tno&#347;ci<\/li>\n<li>Zgoda na kontakt (RODO)<\/li>\n<\/ul>\n<div class=\"dasr-actions\">\n  <a class=\"dasr-btn secondary\" href=\"https:\/\/dasr.pl\/index.php\/kontakt\/\">Kontakt<\/a>\n<\/div>\n<\/div>\n","protected":false},"excerpt":{"rendered":"<p>Do\u0142\u0105cz jako wolontariusz Kogo szukamy kr\u00f3tkofalowc\u00f3w (stacja stacjonarna, mobilna lub przeno\u015bna) os\u00f3b, kt\u00f3re chc\u0105 \u0107wiczy\u0107 procedury \u0142\u0105czno\u015bci i meldunk\u00f3w wsparcia logistycznego (zasilanie, teren, organizacja) Start w 3 krokach Wype\u0142nij formularz gotowo\u015bci (sprz\u0119t, lokalizacja, zasilanie). Otrzymasz kontakt do koordynatora i zasady \u0107wicze\u0144. Do\u0142\u0105cz do cotygodniowych \u0107wicze\u0144 i rozwijaj kompetencje. Minimalna checklista (na pocz\u0105tek) radio + podstawowa [&hellip;]<\/p>\n","protected":false},"author":1,"featured_media":0,"parent":0,"menu_order":3,"comment_status":"closed","ping_status":"closed","template":"","meta":{"footnotes":""},"class_list":["post-203","page","type-page","status-publish","hentry"],"yoast_head":"<!-- This site is optimized with the Yoast SEO plugin v27.4 - https:\/\/yoast.com\/product\/yoast-seo-wordpress\/ -->\n<title>Do\u0142\u0105cz - Dolno\u015bl\u0105ska Awaryjna Sie\u0107 Radiowa<\/title>\n<meta name=\"robots\" content=\"index, follow, max-snippet:-1, max-image-preview:large, max-video-preview:-1\" \/>\n<link rel=\"canonical\" href=\"https:\/\/dasr.pl\/index.php\/dolacz\/\" \/>\n<meta property=\"og:locale\" content=\"pl_PL\" \/>\n<meta property=\"og:type\" content=\"article\" \/>\n<meta property=\"og:title\" content=\"Do\u0142\u0105cz - Dolno\u015bl\u0105ska Awaryjna Sie\u0107 Radiowa\" \/>\n<meta property=\"og:description\" content=\"Do\u0142\u0105cz jako wolontariusz Kogo szukamy kr\u00f3tkofalowc\u00f3w (stacja stacjonarna, mobilna lub przeno\u015bna) os\u00f3b, kt\u00f3re chc\u0105 \u0107wiczy\u0107 procedury \u0142\u0105czno\u015bci i meldunk\u00f3w wsparcia logistycznego (zasilanie, teren, organizacja) Start w 3 krokach Wype\u0142nij formularz gotowo\u015bci (sprz\u0119t, lokalizacja, zasilanie). Otrzymasz kontakt do koordynatora i zasady \u0107wicze\u0144. Do\u0142\u0105cz do cotygodniowych \u0107wicze\u0144 i rozwijaj kompetencje. Minimalna checklista (na pocz\u0105tek) radio + podstawowa [&hellip;]\" \/>\n<meta property=\"og:url\" content=\"https:\/\/dasr.pl\/index.php\/dolacz\/\" \/>\n<meta property=\"og:site_name\" content=\"Dolno\u015bl\u0105ska Awaryjna Sie\u0107 Radiowa\" \/>\n<meta name=\"twitter:card\" content=\"summary_large_image\" \/>\n<meta name=\"twitter:label1\" content=\"Szacowany czas czytania\" \/>\n\t<meta name=\"twitter:data1\" content=\"1 minuta\" \/>\n<script type=\"application\/ld+json\" class=\"yoast-schema-graph\">{\"@context\":\"https:\\\/\\\/schema.org\",\"@graph\":[{\"@type\":\"WebPage\",\"@id\":\"https:\\\/\\\/dasr.pl\\\/index.php\\\/dolacz\\\/\",\"url\":\"https:\\\/\\\/dasr.pl\\\/index.php\\\/dolacz\\\/\",\"name\":\"Do\u0142\u0105cz - Dolno\u015bl\u0105ska Awaryjna Sie\u0107 Radiowa\",\"isPartOf\":{\"@id\":\"https:\\\/\\\/dasr.pl\\\/#website\"},\"datePublished\":\"2026-02-02T18:00:00+00:00\",\"breadcrumb\":{\"@id\":\"https:\\\/\\\/dasr.pl\\\/index.php\\\/dolacz\\\/#breadcrumb\"},\"inLanguage\":\"pl-PL\",\"potentialAction\":[{\"@type\":\"ReadAction\",\"target\":[\"https:\\\/\\\/dasr.pl\\\/index.php\\\/dolacz\\\/\"]}]},{\"@type\":\"BreadcrumbList\",\"@id\":\"https:\\\/\\\/dasr.pl\\\/index.php\\\/dolacz\\\/#breadcrumb\",\"itemListElement\":[{\"@type\":\"ListItem\",\"position\":1,\"name\":\"Home\",\"item\":\"https:\\\/\\\/dasr.pl\\\/\"},{\"@type\":\"ListItem\",\"position\":2,\"name\":\"Do\u0142\u0105cz\"}]},{\"@type\":\"WebSite\",\"@id\":\"https:\\\/\\\/dasr.pl\\\/#website\",\"url\":\"https:\\\/\\\/dasr.pl\\\/\",\"name\":\"Dolno\u015bl\u0105ska Awaryjna Sie\u0107 Radiowa\",\"description\":\"\",\"potentialAction\":[{\"@type\":\"SearchAction\",\"target\":{\"@type\":\"EntryPoint\",\"urlTemplate\":\"https:\\\/\\\/dasr.pl\\\/?s={search_term_string}\"},\"query-input\":{\"@type\":\"PropertyValueSpecification\",\"valueRequired\":true,\"valueName\":\"search_term_string\"}}],\"inLanguage\":\"pl-PL\"}]}<\/script>\n<!-- \/ Yoast SEO plugin. -->","yoast_head_json":{"title":"Do\u0142\u0105cz - Dolno\u015bl\u0105ska Awaryjna Sie\u0107 Radiowa","robots":{"index":"index","follow":"follow","max-snippet":"max-snippet:-1","max-image-preview":"max-image-preview:large","max-video-preview":"max-video-preview:-1"},"canonical":"https:\/\/dasr.pl\/index.php\/dolacz\/","og_locale":"pl_PL","og_type":"article","og_title":"Do\u0142\u0105cz - Dolno\u015bl\u0105ska Awaryjna Sie\u0107 Radiowa","og_description":"Do\u0142\u0105cz jako wolontariusz Kogo szukamy kr\u00f3tkofalowc\u00f3w (stacja stacjonarna, mobilna lub przeno\u015bna) os\u00f3b, kt\u00f3re chc\u0105 \u0107wiczy\u0107 procedury \u0142\u0105czno\u015bci i meldunk\u00f3w wsparcia logistycznego (zasilanie, teren, organizacja) Start w 3 krokach Wype\u0142nij formularz gotowo\u015bci (sprz\u0119t, lokalizacja, zasilanie). Otrzymasz kontakt do koordynatora i zasady \u0107wicze\u0144. Do\u0142\u0105cz do cotygodniowych \u0107wicze\u0144 i rozwijaj kompetencje. Minimalna checklista (na pocz\u0105tek) radio + podstawowa [&hellip;]","og_url":"https:\/\/dasr.pl\/index.php\/dolacz\/","og_site_name":"Dolno\u015bl\u0105ska Awaryjna Sie\u0107 Radiowa","twitter_card":"summary_large_image","twitter_misc":{"Szacowany czas czytania":"1 minuta"},"schema":{"@context":"https:\/\/schema.org","@graph":[{"@type":"WebPage","@id":"https:\/\/dasr.pl\/index.php\/dolacz\/","url":"https:\/\/dasr.pl\/index.php\/dolacz\/","name":"Do\u0142\u0105cz - Dolno\u015bl\u0105ska Awaryjna Sie\u0107 Radiowa","isPartOf":{"@id":"https:\/\/dasr.pl\/#website"},"datePublished":"2026-02-02T18:00:00+00:00","breadcrumb":{"@id":"https:\/\/dasr.pl\/index.php\/dolacz\/#breadcrumb"},"inLanguage":"pl-PL","potentialAction":[{"@type":"ReadAction","target":["https:\/\/dasr.pl\/index.php\/dolacz\/"]}]},{"@type":"BreadcrumbList","@id":"https:\/\/dasr.pl\/index.php\/dolacz\/#breadcrumb","itemListElement":[{"@type":"ListItem","position":1,"name":"Home","item":"https:\/\/dasr.pl\/"},{"@type":"ListItem","position":2,"name":"Do\u0142\u0105cz"}]},{"@type":"WebSite","@id":"https:\/\/dasr.pl\/#website","url":"https:\/\/dasr.pl\/","name":"Dolno\u015bl\u0105ska Awaryjna Sie\u0107 Radiowa","description":"","potentialAction":[{"@type":"SearchAction","target":{"@type":"EntryPoint","urlTemplate":"https:\/\/dasr.pl\/?s={search_term_string}"},"query-input":{"@type":"PropertyValueSpecification","valueRequired":true,"valueName":"search_term_string"}}],"inLanguage":"pl-PL"}]}},"_links":{"self":[{"href":"https:\/\/dasr.pl\/index.php\/wp-json\/wp\/v2\/pages\/203","targetHints":{"allow":["GET"]}}],"collection":[{"href":"https:\/\/dasr.pl\/index.php\/wp-json\/wp\/v2\/pages"}],"about":[{"href":"https:\/\/dasr.pl\/index.php\/wp-json\/wp\/v2\/types\/page"}],"author":[{"embeddable":true,"href":"https:\/\/dasr.pl\/index.php\/wp-json\/wp\/v2\/users\/1"}],"replies":[{"embeddable":true,"href":"https:\/\/dasr.pl\/index.php\/wp-json\/wp\/v2\/comments?post=203"}],"version-history":[{"count":0,"href":"https:\/\/dasr.pl\/index.php\/wp-json\/wp\/v2\/pages\/203\/revisions"}],"wp:attachment":[{"href":"https:\/\/dasr.pl\/index.php\/wp-json\/wp\/v2\/media?parent=203"}],"curies":[{"name":"wp","href":"https:\/\/api.w.org\/{rel}","templated":true}]}}