{"id":209,"date":"2026-02-02T19:00:00","date_gmt":"2026-02-02T18:00:00","guid":{"rendered":"http:\/\/dasr-import-page-209"},"modified":"2026-02-02T19:00:00","modified_gmt":"2026-02-02T18:00:00","slug":"polityka-prywatnosci-2","status":"publish","type":"page","link":"https:\/\/dasr.pl\/index.php\/polityka-prywatnosci-2\/","title":{"rendered":"Polityka prywatno\u015bci"},"content":{"rendered":"<div class=\"dasr-content\">\n<h1>Polityka prywatno\u015bci (szkic)<\/h1>\n<p><strong>Administrator danych:<\/strong> [nazwa stowarzyszenia, adres, e-mail].<\/p>\n<h2>Jakie dane zbieramy<\/h2>\n<ul>\n<li>dane kontaktowe (imi\u0119, e-mail, telefon) przekazane w formularzach<\/li>\n<li>informacje o sprz\u0119cie i gotowo\u015bci (w formularzu \u201eDo\u0142\u0105cz\u201d) \u2013 dobrowolnie<\/li>\n<\/ul>\n<h2>W jakim celu<\/h2>\n<ul>\n<li>kontakt i organizacja \u0107wicze\u0144 \/ wsp\u00f3\u0142pracy<\/li>\n<li>obs\u0142uga zg\u0142osze\u0144 i komunikacja organizacyjna<\/li>\n<\/ul>\n<h2>Podstawa prawna<\/h2>\n<ul>\n<li>zgoda osoby zg\u0142aszaj\u0105cej (art. 6 ust. 1 lit. a RODO) lub<\/li>\n<li>prawnie uzasadniony interes administratora (art. 6 ust. 1 lit. f RODO) \u2013 kontakt organizacyjny<\/li>\n<\/ul>\n<h2>Okres przechowywania<\/h2>\n<p>Do czasu wycofania zgody lub ustania celu przetwarzania.<\/p>\n<h2>Twoje prawa<\/h2>\n<p>Dost\u0119p do danych, sprostowanie, usuni\u0119cie, ograniczenie, sprzeciw, przenoszenie danych, skarga do PUODO.<\/p>\n<p><strong>Kontakt w sprawie danych:<\/strong> [e-mail].<\/p>\n<\/div>\n","protected":false},"excerpt":{"rendered":"<p>Polityka prywatno\u015bci (szkic) Administrator danych: [nazwa stowarzyszenia, adres, e-mail]. Jakie dane zbieramy dane kontaktowe (imi\u0119, e-mail, telefon) przekazane w formularzach informacje o sprz\u0119cie i gotowo\u015bci (w formularzu \u201eDo\u0142\u0105cz\u201d) \u2013 dobrowolnie W jakim celu kontakt i organizacja \u0107wicze\u0144 \/ wsp\u00f3\u0142pracy obs\u0142uga zg\u0142osze\u0144 i komunikacja organizacyjna Podstawa prawna zgoda osoby zg\u0142aszaj\u0105cej (art. 6 ust. 1 lit. a [&hellip;]<\/p>\n","protected":false},"author":1,"featured_media":0,"parent":0,"menu_order":9,"comment_status":"closed","ping_status":"closed","template":"","meta":{"footnotes":""},"class_list":["post-209","page","type-page","status-publish","hentry"],"yoast_head":"<!-- This site is optimized with the Yoast SEO plugin v27.4 - https:\/\/yoast.com\/product\/yoast-seo-wordpress\/ -->\n<title>Polityka prywatno\u015bci - Dolno\u015bl\u0105ska Awaryjna Sie\u0107 Radiowa<\/title>\n<meta name=\"robots\" content=\"index, follow, max-snippet:-1, max-image-preview:large, max-video-preview:-1\" \/>\n<link rel=\"canonical\" href=\"https:\/\/dasr.pl\/index.php\/polityka-prywatnosci-2\/\" \/>\n<meta property=\"og:locale\" content=\"pl_PL\" \/>\n<meta property=\"og:type\" content=\"article\" \/>\n<meta property=\"og:title\" content=\"Polityka prywatno\u015bci - Dolno\u015bl\u0105ska Awaryjna Sie\u0107 Radiowa\" \/>\n<meta property=\"og:description\" content=\"Polityka prywatno\u015bci (szkic) Administrator danych: [nazwa stowarzyszenia, adres, e-mail]. Jakie dane zbieramy dane kontaktowe (imi\u0119, e-mail, telefon) przekazane w formularzach informacje o sprz\u0119cie i gotowo\u015bci (w formularzu \u201eDo\u0142\u0105cz\u201d) \u2013 dobrowolnie W jakim celu kontakt i organizacja \u0107wicze\u0144 \/ wsp\u00f3\u0142pracy obs\u0142uga zg\u0142osze\u0144 i komunikacja organizacyjna Podstawa prawna zgoda osoby zg\u0142aszaj\u0105cej (art. 6 ust. 1 lit. a [&hellip;]\" \/>\n<meta property=\"og:url\" content=\"https:\/\/dasr.pl\/index.php\/polityka-prywatnosci-2\/\" \/>\n<meta property=\"og:site_name\" content=\"Dolno\u015bl\u0105ska Awaryjna Sie\u0107 Radiowa\" \/>\n<meta name=\"twitter:card\" content=\"summary_large_image\" \/>\n<meta name=\"twitter:label1\" content=\"Szacowany czas czytania\" \/>\n\t<meta name=\"twitter:data1\" content=\"1 minuta\" \/>\n<script type=\"application\/ld+json\" class=\"yoast-schema-graph\">{\"@context\":\"https:\\\/\\\/schema.org\",\"@graph\":[{\"@type\":\"WebPage\",\"@id\":\"https:\\\/\\\/dasr.pl\\\/index.php\\\/polityka-prywatnosci-2\\\/\",\"url\":\"https:\\\/\\\/dasr.pl\\\/index.php\\\/polityka-prywatnosci-2\\\/\",\"name\":\"Polityka prywatno\u015bci - Dolno\u015bl\u0105ska Awaryjna Sie\u0107 Radiowa\",\"isPartOf\":{\"@id\":\"https:\\\/\\\/dasr.pl\\\/#website\"},\"datePublished\":\"2026-02-02T18:00:00+00:00\",\"breadcrumb\":{\"@id\":\"https:\\\/\\\/dasr.pl\\\/index.php\\\/polityka-prywatnosci-2\\\/#breadcrumb\"},\"inLanguage\":\"pl-PL\",\"potentialAction\":[{\"@type\":\"ReadAction\",\"target\":[\"https:\\\/\\\/dasr.pl\\\/index.php\\\/polityka-prywatnosci-2\\\/\"]}]},{\"@type\":\"BreadcrumbList\",\"@id\":\"https:\\\/\\\/dasr.pl\\\/index.php\\\/polityka-prywatnosci-2\\\/#breadcrumb\",\"itemListElement\":[{\"@type\":\"ListItem\",\"position\":1,\"name\":\"Home\",\"item\":\"https:\\\/\\\/dasr.pl\\\/\"},{\"@type\":\"ListItem\",\"position\":2,\"name\":\"Polityka prywatno\u015bci\"}]},{\"@type\":\"WebSite\",\"@id\":\"https:\\\/\\\/dasr.pl\\\/#website\",\"url\":\"https:\\\/\\\/dasr.pl\\\/\",\"name\":\"Dolno\u015bl\u0105ska Awaryjna Sie\u0107 Radiowa\",\"description\":\"\",\"potentialAction\":[{\"@type\":\"SearchAction\",\"target\":{\"@type\":\"EntryPoint\",\"urlTemplate\":\"https:\\\/\\\/dasr.pl\\\/?s={search_term_string}\"},\"query-input\":{\"@type\":\"PropertyValueSpecification\",\"valueRequired\":true,\"valueName\":\"search_term_string\"}}],\"inLanguage\":\"pl-PL\"}]}<\/script>\n<!-- \/ Yoast SEO plugin. -->","yoast_head_json":{"title":"Polityka prywatno\u015bci - Dolno\u015bl\u0105ska Awaryjna Sie\u0107 Radiowa","robots":{"index":"index","follow":"follow","max-snippet":"max-snippet:-1","max-image-preview":"max-image-preview:large","max-video-preview":"max-video-preview:-1"},"canonical":"https:\/\/dasr.pl\/index.php\/polityka-prywatnosci-2\/","og_locale":"pl_PL","og_type":"article","og_title":"Polityka prywatno\u015bci - Dolno\u015bl\u0105ska Awaryjna Sie\u0107 Radiowa","og_description":"Polityka prywatno\u015bci (szkic) Administrator danych: [nazwa stowarzyszenia, adres, e-mail]. Jakie dane zbieramy dane kontaktowe (imi\u0119, e-mail, telefon) przekazane w formularzach informacje o sprz\u0119cie i gotowo\u015bci (w formularzu \u201eDo\u0142\u0105cz\u201d) \u2013 dobrowolnie W jakim celu kontakt i organizacja \u0107wicze\u0144 \/ wsp\u00f3\u0142pracy obs\u0142uga zg\u0142osze\u0144 i komunikacja organizacyjna Podstawa prawna zgoda osoby zg\u0142aszaj\u0105cej (art. 6 ust. 1 lit. a [&hellip;]","og_url":"https:\/\/dasr.pl\/index.php\/polityka-prywatnosci-2\/","og_site_name":"Dolno\u015bl\u0105ska Awaryjna Sie\u0107 Radiowa","twitter_card":"summary_large_image","twitter_misc":{"Szacowany czas czytania":"1 minuta"},"schema":{"@context":"https:\/\/schema.org","@graph":[{"@type":"WebPage","@id":"https:\/\/dasr.pl\/index.php\/polityka-prywatnosci-2\/","url":"https:\/\/dasr.pl\/index.php\/polityka-prywatnosci-2\/","name":"Polityka prywatno\u015bci - Dolno\u015bl\u0105ska Awaryjna Sie\u0107 Radiowa","isPartOf":{"@id":"https:\/\/dasr.pl\/#website"},"datePublished":"2026-02-02T18:00:00+00:00","breadcrumb":{"@id":"https:\/\/dasr.pl\/index.php\/polityka-prywatnosci-2\/#breadcrumb"},"inLanguage":"pl-PL","potentialAction":[{"@type":"ReadAction","target":["https:\/\/dasr.pl\/index.php\/polityka-prywatnosci-2\/"]}]},{"@type":"BreadcrumbList","@id":"https:\/\/dasr.pl\/index.php\/polityka-prywatnosci-2\/#breadcrumb","itemListElement":[{"@type":"ListItem","position":1,"name":"Home","item":"https:\/\/dasr.pl\/"},{"@type":"ListItem","position":2,"name":"Polityka prywatno\u015bci"}]},{"@type":"WebSite","@id":"https:\/\/dasr.pl\/#website","url":"https:\/\/dasr.pl\/","name":"Dolno\u015bl\u0105ska Awaryjna Sie\u0107 Radiowa","description":"","potentialAction":[{"@type":"SearchAction","target":{"@type":"EntryPoint","urlTemplate":"https:\/\/dasr.pl\/?s={search_term_string}"},"query-input":{"@type":"PropertyValueSpecification","valueRequired":true,"valueName":"search_term_string"}}],"inLanguage":"pl-PL"}]}},"_links":{"self":[{"href":"https:\/\/dasr.pl\/index.php\/wp-json\/wp\/v2\/pages\/209","targetHints":{"allow":["GET"]}}],"collection":[{"href":"https:\/\/dasr.pl\/index.php\/wp-json\/wp\/v2\/pages"}],"about":[{"href":"https:\/\/dasr.pl\/index.php\/wp-json\/wp\/v2\/types\/page"}],"author":[{"embeddable":true,"href":"https:\/\/dasr.pl\/index.php\/wp-json\/wp\/v2\/users\/1"}],"replies":[{"embeddable":true,"href":"https:\/\/dasr.pl\/index.php\/wp-json\/wp\/v2\/comments?post=209"}],"version-history":[{"count":0,"href":"https:\/\/dasr.pl\/index.php\/wp-json\/wp\/v2\/pages\/209\/revisions"}],"wp:attachment":[{"href":"https:\/\/dasr.pl\/index.php\/wp-json\/wp\/v2\/media?parent=209"}],"curies":[{"name":"wp","href":"https:\/\/api.w.org\/{rel}","templated":true}]}}