{"id":686,"date":"2026-02-16T20:30:57","date_gmt":"2026-02-16T19:30:57","guid":{"rendered":"https:\/\/dasr.pl\/?page_id=686"},"modified":"2026-02-16T20:30:58","modified_gmt":"2026-02-16T19:30:58","slug":"przeglad-lacznosci","status":"publish","type":"page","link":"https:\/\/dasr.pl\/index.php\/przeglad-lacznosci\/","title":{"rendered":"Przegl\u0105d \u0142\u0105czno\u015bci"},"content":{"rendered":"<div class=\"dasr-box\">Musisz by\u0107 zalogowany\/a jako Operator.<\/div>\n","protected":false},"excerpt":{"rendered":"","protected":false},"author":1,"featured_media":0,"parent":0,"menu_order":0,"comment_status":"closed","ping_status":"closed","template":"","meta":{"footnotes":""},"class_list":["post-686","page","type-page","status-publish","hentry"],"yoast_head":"<!-- This site is optimized with the Yoast SEO plugin v27.4 - https:\/\/yoast.com\/product\/yoast-seo-wordpress\/ -->\n<title>Przegl\u0105d \u0142\u0105czno\u015bci - Dolno\u015bl\u0105ska Awaryjna Sie\u0107 Radiowa<\/title>\n<meta name=\"robots\" content=\"index, follow, max-snippet:-1, max-image-preview:large, max-video-preview:-1\" \/>\n<link rel=\"canonical\" href=\"https:\/\/dasr.pl\/index.php\/przeglad-lacznosci\/\" \/>\n<meta property=\"og:locale\" content=\"pl_PL\" \/>\n<meta property=\"og:type\" content=\"article\" \/>\n<meta property=\"og:title\" content=\"Przegl\u0105d \u0142\u0105czno\u015bci - Dolno\u015bl\u0105ska Awaryjna Sie\u0107 Radiowa\" \/>\n<meta property=\"og:url\" content=\"https:\/\/dasr.pl\/index.php\/przeglad-lacznosci\/\" \/>\n<meta property=\"og:site_name\" content=\"Dolno\u015bl\u0105ska Awaryjna Sie\u0107 Radiowa\" \/>\n<meta property=\"article:modified_time\" content=\"2026-02-16T19:30:58+00:00\" \/>\n<meta name=\"twitter:card\" content=\"summary_large_image\" \/>\n<meta name=\"twitter:label1\" content=\"Szacowany czas czytania\" \/>\n\t<meta name=\"twitter:data1\" content=\"1 minuta\" \/>\n<script type=\"application\/ld+json\" class=\"yoast-schema-graph\">{\"@context\":\"https:\\\/\\\/schema.org\",\"@graph\":[{\"@type\":\"WebPage\",\"@id\":\"https:\\\/\\\/dasr.pl\\\/index.php\\\/przeglad-lacznosci\\\/\",\"url\":\"https:\\\/\\\/dasr.pl\\\/index.php\\\/przeglad-lacznosci\\\/\",\"name\":\"Przegl\u0105d \u0142\u0105czno\u015bci - Dolno\u015bl\u0105ska Awaryjna Sie\u0107 Radiowa\",\"isPartOf\":{\"@id\":\"https:\\\/\\\/dasr.pl\\\/#website\"},\"datePublished\":\"2026-02-16T19:30:57+00:00\",\"dateModified\":\"2026-02-16T19:30:58+00:00\",\"breadcrumb\":{\"@id\":\"https:\\\/\\\/dasr.pl\\\/index.php\\\/przeglad-lacznosci\\\/#breadcrumb\"},\"inLanguage\":\"pl-PL\",\"potentialAction\":[{\"@type\":\"ReadAction\",\"target\":[\"https:\\\/\\\/dasr.pl\\\/index.php\\\/przeglad-lacznosci\\\/\"]}]},{\"@type\":\"BreadcrumbList\",\"@id\":\"https:\\\/\\\/dasr.pl\\\/index.php\\\/przeglad-lacznosci\\\/#breadcrumb\",\"itemListElement\":[{\"@type\":\"ListItem\",\"position\":1,\"name\":\"Home\",\"item\":\"https:\\\/\\\/dasr.pl\\\/\"},{\"@type\":\"ListItem\",\"position\":2,\"name\":\"Przegl\u0105d \u0142\u0105czno\u015bci\"}]},{\"@type\":\"WebSite\",\"@id\":\"https:\\\/\\\/dasr.pl\\\/#website\",\"url\":\"https:\\\/\\\/dasr.pl\\\/\",\"name\":\"Dolno\u015bl\u0105ska Awaryjna Sie\u0107 Radiowa\",\"description\":\"\",\"potentialAction\":[{\"@type\":\"SearchAction\",\"target\":{\"@type\":\"EntryPoint\",\"urlTemplate\":\"https:\\\/\\\/dasr.pl\\\/?s={search_term_string}\"},\"query-input\":{\"@type\":\"PropertyValueSpecification\",\"valueRequired\":true,\"valueName\":\"search_term_string\"}}],\"inLanguage\":\"pl-PL\"}]}<\/script>\n<!-- \/ Yoast SEO plugin. -->","yoast_head_json":{"title":"Przegl\u0105d \u0142\u0105czno\u015bci - Dolno\u015bl\u0105ska Awaryjna Sie\u0107 Radiowa","robots":{"index":"index","follow":"follow","max-snippet":"max-snippet:-1","max-image-preview":"max-image-preview:large","max-video-preview":"max-video-preview:-1"},"canonical":"https:\/\/dasr.pl\/index.php\/przeglad-lacznosci\/","og_locale":"pl_PL","og_type":"article","og_title":"Przegl\u0105d \u0142\u0105czno\u015bci - Dolno\u015bl\u0105ska Awaryjna Sie\u0107 Radiowa","og_url":"https:\/\/dasr.pl\/index.php\/przeglad-lacznosci\/","og_site_name":"Dolno\u015bl\u0105ska Awaryjna Sie\u0107 Radiowa","article_modified_time":"2026-02-16T19:30:58+00:00","twitter_card":"summary_large_image","twitter_misc":{"Szacowany czas czytania":"1 minuta"},"schema":{"@context":"https:\/\/schema.org","@graph":[{"@type":"WebPage","@id":"https:\/\/dasr.pl\/index.php\/przeglad-lacznosci\/","url":"https:\/\/dasr.pl\/index.php\/przeglad-lacznosci\/","name":"Przegl\u0105d \u0142\u0105czno\u015bci - Dolno\u015bl\u0105ska Awaryjna Sie\u0107 Radiowa","isPartOf":{"@id":"https:\/\/dasr.pl\/#website"},"datePublished":"2026-02-16T19:30:57+00:00","dateModified":"2026-02-16T19:30:58+00:00","breadcrumb":{"@id":"https:\/\/dasr.pl\/index.php\/przeglad-lacznosci\/#breadcrumb"},"inLanguage":"pl-PL","potentialAction":[{"@type":"ReadAction","target":["https:\/\/dasr.pl\/index.php\/przeglad-lacznosci\/"]}]},{"@type":"BreadcrumbList","@id":"https:\/\/dasr.pl\/index.php\/przeglad-lacznosci\/#breadcrumb","itemListElement":[{"@type":"ListItem","position":1,"name":"Home","item":"https:\/\/dasr.pl\/"},{"@type":"ListItem","position":2,"name":"Przegl\u0105d \u0142\u0105czno\u015bci"}]},{"@type":"WebSite","@id":"https:\/\/dasr.pl\/#website","url":"https:\/\/dasr.pl\/","name":"Dolno\u015bl\u0105ska Awaryjna Sie\u0107 Radiowa","description":"","potentialAction":[{"@type":"SearchAction","target":{"@type":"EntryPoint","urlTemplate":"https:\/\/dasr.pl\/?s={search_term_string}"},"query-input":{"@type":"PropertyValueSpecification","valueRequired":true,"valueName":"search_term_string"}}],"inLanguage":"pl-PL"}]}},"_links":{"self":[{"href":"https:\/\/dasr.pl\/index.php\/wp-json\/wp\/v2\/pages\/686","targetHints":{"allow":["GET"]}}],"collection":[{"href":"https:\/\/dasr.pl\/index.php\/wp-json\/wp\/v2\/pages"}],"about":[{"href":"https:\/\/dasr.pl\/index.php\/wp-json\/wp\/v2\/types\/page"}],"author":[{"embeddable":true,"href":"https:\/\/dasr.pl\/index.php\/wp-json\/wp\/v2\/users\/1"}],"replies":[{"embeddable":true,"href":"https:\/\/dasr.pl\/index.php\/wp-json\/wp\/v2\/comments?post=686"}],"version-history":[{"count":1,"href":"https:\/\/dasr.pl\/index.php\/wp-json\/wp\/v2\/pages\/686\/revisions"}],"predecessor-version":[{"id":687,"href":"https:\/\/dasr.pl\/index.php\/wp-json\/wp\/v2\/pages\/686\/revisions\/687"}],"wp:attachment":[{"href":"https:\/\/dasr.pl\/index.php\/wp-json\/wp\/v2\/media?parent=686"}],"curies":[{"name":"wp","href":"https:\/\/api.w.org\/{rel}","templated":true}]}}